{"id":1649,"date":"2019-03-20T13:39:33","date_gmt":"2019-03-20T12:39:33","guid":{"rendered":"http:\/\/sylviepiresdarocha.fr\/WordPress\/?page_id=1649"},"modified":"2019-03-20T13:39:33","modified_gmt":"2019-03-20T12:39:33","slug":"vous-ne-revez-pas","status":"publish","type":"page","link":"https:\/\/sylviapiresdarocha.fr\/?page_id=1649","title":{"rendered":"Vous ne r\u00eavez pas"},"content":{"rendered":"<p><b>Projet \u00ab Vous ne R\u00eavez pas \u00bb<\/b><\/p>\n<p>&nbsp;<\/p>\n<p>\u00ab\u00a0Vous ne r\u00eavez pas\u00a0\u00bb avec ses phrases courtes et banales glan\u00e9es sur les magazines, les journaux utilisent les codes des\u00a0 affiches publicitaires que nous croisons en voiture, \u00e0 pieds en v\u00e9lo, en ville \u00e0 la campagne, en montagne \u00e0 la mer, en voyage. Pop et punk, inscrites en lettre d\u2019imprimerie sur fond rose fluo, les textes et les images satur\u00e9es mettent en jeu des st\u00e9r\u00e9otypes sur le monde et la soci\u00e9t\u00e9.<\/p>\n<p>Comme des supers pouvoirs d\u2019achats, \u00ab\u00a0Vous ne r\u00eavez pas\u00a0\u00bb est une proposition pour prendre de la distance sur les injonctions, les slogans qui influences nos r\u00eaves, nos vies, nos habitudes, nos sourires, nos imaginaires.<\/p>\n<p>Ces slogans concis et agressifs adoss\u00e9s \u00e0 mes images sont une invitation \u00e0 un \u00e9v\u00e9nement acidul\u00e9e, \u00e0 une exp\u00e9rience parfois d\u00e9rangeante qui viendrait bouleverser le message initiale et devenir langage.<\/p>\n<p>\u00ab\u00a0Vous ne r\u00eavez pas\u00a0\u00bb nous renvoient \u00e0 nous-m\u00eames, \u00e0 lever la t\u00eate \u00e0 s\u2019interroger sur les \u00ab\u00a0mod\u00e8les\u00a0\u00bb pr\u00e9con\u00e7us, pouvant petit \u00e0 petit engendrer des clones, une perte de l&rsquo;identit\u00e9 individuelle au profit d&rsquo;une identit\u00e9 de masse.<\/p>\n","protected":false},"excerpt":{"rendered":"<p>Projet \u00ab Vous ne R\u00eavez pas \u00bb &nbsp; \u00ab\u00a0Vous ne r\u00eavez pas\u00a0\u00bb avec ses phrases courtes et banales glan\u00e9es sur les magazines, les journaux utilisent les codes des\u00a0 affiches publicitaires que nous croisons en voiture, \u00e0 pieds en v\u00e9lo, en ville \u00e0 la campagne, en montagne \u00e0 la mer, en voyage. Pop et punk, inscrites &hellip; <\/p>\n","protected":false},"author":1,"featured_media":0,"parent":0,"menu_order":0,"comment_status":"open","ping_status":"open","template":"","meta":{"two_page_speed":[],"_joinchat":[],"footnotes":""},"class_list":["post-1649","page","type-page","status-publish","hentry"],"_links":{"self":[{"href":"https:\/\/sylviapiresdarocha.fr\/index.php?rest_route=\/wp\/v2\/pages\/1649","targetHints":{"allow":["GET"]}}],"collection":[{"href":"https:\/\/sylviapiresdarocha.fr\/index.php?rest_route=\/wp\/v2\/pages"}],"about":[{"href":"https:\/\/sylviapiresdarocha.fr\/index.php?rest_route=\/wp\/v2\/types\/page"}],"author":[{"embeddable":true,"href":"https:\/\/sylviapiresdarocha.fr\/index.php?rest_route=\/wp\/v2\/users\/1"}],"replies":[{"embeddable":true,"href":"https:\/\/sylviapiresdarocha.fr\/index.php?rest_route=%2Fwp%2Fv2%2Fcomments&post=1649"}],"version-history":[{"count":1,"href":"https:\/\/sylviapiresdarocha.fr\/index.php?rest_route=\/wp\/v2\/pages\/1649\/revisions"}],"predecessor-version":[{"id":1651,"href":"https:\/\/sylviapiresdarocha.fr\/index.php?rest_route=\/wp\/v2\/pages\/1649\/revisions\/1651"}],"wp:attachment":[{"href":"https:\/\/sylviapiresdarocha.fr\/index.php?rest_route=%2Fwp%2Fv2%2Fmedia&parent=1649"}],"curies":[{"name":"wp","href":"https:\/\/api.w.org\/{rel}","templated":true}]}}