{"id":1755,"date":"2020-03-24T18:08:56","date_gmt":"2020-03-24T17:08:56","guid":{"rendered":"http:\/\/sylviepiresdarocha.fr\/WordPress\/?page_id=1755"},"modified":"2020-12-11T11:41:25","modified_gmt":"2020-12-11T10:41:25","slug":"le-jour-ou-le-pere-noel-a-arreter-de-croire-en-moi","status":"publish","type":"page","link":"https:\/\/sylviapiresdarocha.fr\/?page_id=1755","title":{"rendered":"Le jour o\u00f9 le p\u00e8re No\u00ebl a arr\u00eater de croire en moi"},"content":{"rendered":"<div id=\"metaslider-id-2761\" style=\"width: 100%;\" class=\"ml-slider-3-109-0 metaslider metaslider-flex metaslider-2761 ml-slider has-dots-nav ms-theme-default\" role=\"region\" aria-label=\"Le jour o\u00f9 le p\u00e8re no\u00ebl\" data-height=\"3400\" data-width=\"5200\">\n    <div id=\"metaslider_container_2761\">\n        <div id=\"metaslider_2761\">\n            <ul class='slides'>\n                <li style=\"display: block; width: 100%;\" class=\"slide-2762 ms-image \" aria-roledescription=\"slide\" data-date=\"2020-12-11 11:36:39\" data-filename=\"7_LPN-scaled-2560x1673.jpg\" data-slide-type=\"image\"><img loading=\"lazy\" decoding=\"async\" src=\"https:\/\/sylviapiresdarocha.fr\/wp-content\/uploads\/2020\/03\/7_LPN-scaled-2560x1673.jpg\" height=\"3400\" width=\"5200\" alt=\"\" class=\"slider-2761 slide-2762 msDefaultImage\" title=\"7_LPN\" \/><\/li>\n                <li style=\"display: none; width: 100%;\" class=\"slide-2763 ms-image \" aria-roledescription=\"slide\" data-date=\"2020-12-11 11:39:15\" data-filename=\"6_LPN-scaled-2560x1673.jpg\" data-slide-type=\"image\"><img loading=\"lazy\" decoding=\"async\" src=\"https:\/\/sylviapiresdarocha.fr\/wp-content\/uploads\/2020\/03\/6_LPN-scaled-2560x1673.jpg\" height=\"3400\" width=\"5200\" alt=\"\" class=\"slider-2761 slide-2763 msDefaultImage\" title=\"6_LPN\" \/><\/li>\n                <li style=\"display: none; width: 100%;\" class=\"slide-2764 ms-image \" aria-roledescription=\"slide\" data-date=\"2020-12-11 11:39:38\" data-filename=\"5_LPN-1924x1258.jpg\" data-slide-type=\"image\"><img loading=\"lazy\" decoding=\"async\" src=\"https:\/\/sylviapiresdarocha.fr\/wp-content\/uploads\/2020\/03\/5_LPN-1924x1258.jpg\" height=\"3400\" width=\"5200\" alt=\"\" class=\"slider-2761 slide-2764 msDefaultImage\" title=\"5_LPN\" \/><\/li>\n                <li style=\"display: none; width: 100%;\" class=\"slide-2765 ms-image \" aria-roledescription=\"slide\" data-date=\"2020-12-11 11:39:38\" data-filename=\"3_LPN-scaled-2560x1673.jpg\" data-slide-type=\"image\"><img loading=\"lazy\" decoding=\"async\" src=\"https:\/\/sylviapiresdarocha.fr\/wp-content\/uploads\/2020\/03\/3_LPN-scaled-2560x1673.jpg\" height=\"3400\" width=\"5200\" alt=\"\" class=\"slider-2761 slide-2765 msDefaultImage\" title=\"3_LPN\" \/><\/li>\n                <li style=\"display: none; width: 100%;\" class=\"slide-2766 ms-image \" aria-roledescription=\"slide\" data-date=\"2020-12-11 11:39:38\" data-filename=\"2_LPN-scaled-2560x1673.jpg\" data-slide-type=\"image\"><img loading=\"lazy\" decoding=\"async\" src=\"https:\/\/sylviapiresdarocha.fr\/wp-content\/uploads\/2020\/03\/2_LPN-scaled-2560x1673.jpg\" height=\"3400\" width=\"5200\" alt=\"\" class=\"slider-2761 slide-2766 msDefaultImage\" title=\"2_LPN\" \/><\/li>\n                <li style=\"display: none; width: 100%;\" class=\"slide-2767 ms-image \" aria-roledescription=\"slide\" data-date=\"2020-12-11 11:39:38\" data-filename=\"1_LPN-2167x1416.jpg\" data-slide-type=\"image\"><img loading=\"lazy\" decoding=\"async\" src=\"https:\/\/sylviapiresdarocha.fr\/wp-content\/uploads\/2020\/03\/1_LPN-2167x1416.jpg\" height=\"3400\" width=\"5200\" alt=\"\" class=\"slider-2761 slide-2767 msDefaultImage\" title=\"1_LPN\" \/><\/li>\n            <\/ul>\n        <\/div>\n        \n    <\/div>\n<\/div>\n\n\n\n<p>J\u2019appuie tr\u00e8s fort sur mes paupi\u00e8res<\/p>\n\n\n\n<p>J\u2019attends les flashs<\/p>\n\n\n\n<p>Je rythme mes rondes au son de la radio hurlante<br><\/p>\n\n\n\n<p>Je l\u2019attends<\/p>\n\n\n\n<p>Des voix sur-aigu\u00eb se m\u00e9langent,<\/p>\n\n\n\n<p class=\"has-text-align-center\">bondissent dans ma t\u00eate <\/p>\n\n\n\n<p class=\"has-text-align-left\">Je ne vois plus rien<br><br>Je me balance,<br>\u00e0 gauche, <\/p>\n\n\n\n<p class=\"has-text-align-right\">\u00e0 droite <\/p>\n\n\n\n<p><br>Je crois<\/p>\n\n\n\n<p>Le p\u00e8re no\u00ebl,<br>venez d\u2019arr\u00eater de croire,<br>en moi<\/p>\n","protected":false},"excerpt":{"rendered":"<p>J\u2019appuie tr\u00e8s fort sur mes paupi\u00e8res J\u2019attends les flashs Je rythme mes rondes au son de la radio hurlante Je l\u2019attends Des voix sur-aigu\u00eb se m\u00e9langent, bondissent dans ma t\u00eate Je ne vois plus rien Je me balance,\u00e0 gauche, \u00e0 droite Je crois Le p\u00e8re no\u00ebl,venez d\u2019arr\u00eater de croire,en moi<\/p>\n","protected":false},"author":1,"featured_media":1761,"parent":0,"menu_order":0,"comment_status":"closed","ping_status":"closed","template":"","meta":{"two_page_speed":[],"_joinchat":[],"footnotes":""},"class_list":["post-1755","page","type-page","status-publish","has-post-thumbnail","hentry"],"_links":{"self":[{"href":"https:\/\/sylviapiresdarocha.fr\/index.php?rest_route=\/wp\/v2\/pages\/1755","targetHints":{"allow":["GET"]}}],"collection":[{"href":"https:\/\/sylviapiresdarocha.fr\/index.php?rest_route=\/wp\/v2\/pages"}],"about":[{"href":"https:\/\/sylviapiresdarocha.fr\/index.php?rest_route=\/wp\/v2\/types\/page"}],"author":[{"embeddable":true,"href":"https:\/\/sylviapiresdarocha.fr\/index.php?rest_route=\/wp\/v2\/users\/1"}],"replies":[{"embeddable":true,"href":"https:\/\/sylviapiresdarocha.fr\/index.php?rest_route=%2Fwp%2Fv2%2Fcomments&post=1755"}],"version-history":[{"count":25,"href":"https:\/\/sylviapiresdarocha.fr\/index.php?rest_route=\/wp\/v2\/pages\/1755\/revisions"}],"predecessor-version":[{"id":2768,"href":"https:\/\/sylviapiresdarocha.fr\/index.php?rest_route=\/wp\/v2\/pages\/1755\/revisions\/2768"}],"wp:featuredmedia":[{"embeddable":true,"href":"https:\/\/sylviapiresdarocha.fr\/index.php?rest_route=\/wp\/v2\/media\/1761"}],"wp:attachment":[{"href":"https:\/\/sylviapiresdarocha.fr\/index.php?rest_route=%2Fwp%2Fv2%2Fmedia&parent=1755"}],"curies":[{"name":"wp","href":"https:\/\/api.w.org\/{rel}","templated":true}]}}