{"id":2837,"date":"2020-12-11T13:14:00","date_gmt":"2020-12-11T12:14:00","guid":{"rendered":"http:\/\/sylviepiresdarocha.fr\/WordPress\/?page_id=2837"},"modified":"2020-12-11T14:14:13","modified_gmt":"2020-12-11T13:14:13","slug":"nous-sommes-en-guerre-2","status":"publish","type":"page","link":"https:\/\/sylviapiresdarocha.fr\/?page_id=2837","title":{"rendered":"Nous sommes en guerre"},"content":{"rendered":"\n<blockquote class=\"wp-block-quote is-layout-flow wp-block-quote-is-layout-flow\"><p><em>Nous sommes en guerre<\/em><\/p><\/blockquote>\n\n\n\n<blockquote class=\"wp-block-quote is-layout-flow wp-block-quote-is-layout-flow\"><p><em>Cette guerre, on s&rsquo;y engage tout entier, on s&rsquo;y mobilise dans l&rsquo;unit\u00e9<\/em><\/p><\/blockquote>\n\n\n\n<blockquote class=\"wp-block-quote is-layout-flow wp-block-quote-is-layout-flow\"><p><em>Face \u00e0 un ennemi\u00a0(\u2026)\u00a0invisible, insaisissable.<\/em><\/p><\/blockquote>\n\n\n<div id=\"metaslider-id-2770\" style=\"width: 100%;\" class=\"ml-slider-3-109-0 metaslider metaslider-flex metaslider-2770 ml-slider has-dots-nav ms-theme-default\" role=\"region\" aria-label=\"Truismes\" data-height=\"3400\" data-width=\"5200\">\n    <div id=\"metaslider_container_2770\">\n        <div id=\"metaslider_2770\">\n            <ul class='slides'>\n                <li style=\"display: block; width: 100%;\" class=\"slide-3304 ms-image \" aria-roledescription=\"slide\" data-date=\"2022-02-11 10:56:24\" data-filename=\"IMG_6716-709x463.jpg\" data-slide-type=\"image\"><img loading=\"lazy\" decoding=\"async\" src=\"https:\/\/sylviapiresdarocha.fr\/wp-content\/uploads\/2022\/02\/IMG_6716-709x463.jpg\" height=\"3400\" width=\"5200\" alt=\"\" class=\"slider-2770 slide-3304 msDefaultImage\" title=\"IMG_6716\" \/><\/li>\n                <li style=\"display: none; width: 100%;\" class=\"slide-2803 ms-image \" aria-roledescription=\"slide\" data-date=\"2020-12-11 13:08:40\" data-filename=\"IMG_4210-21-scaled-2560x1673.jpg\" data-slide-type=\"image\"><img loading=\"lazy\" decoding=\"async\" src=\"https:\/\/sylviapiresdarocha.fr\/wp-content\/uploads\/2022\/02\/IMG_4210-21-scaled-2560x1673.jpg\" height=\"3400\" width=\"5200\" alt=\"\" class=\"slider-2770 slide-2803 msDefaultImage\" title=\"IMG_4210-2(1)\" \/><\/li>\n                <li style=\"display: none; width: 100%;\" class=\"slide-2804 ms-image \" aria-roledescription=\"slide\" data-date=\"2020-12-11 13:08:40\" data-filename=\"IMG_4363-EFFECTS-2-scaled-2560x1673.jpg\" data-slide-type=\"image\"><img loading=\"lazy\" decoding=\"async\" src=\"https:\/\/sylviapiresdarocha.fr\/wp-content\/uploads\/2022\/02\/IMG_4363-EFFECTS-2-scaled-2560x1673.jpg\" height=\"3400\" width=\"5200\" alt=\"\" class=\"slider-2770 slide-2804 msDefaultImage\" title=\"IMG_4363-EFFECTS\" \/><\/li>\n                <li style=\"display: none; width: 100%;\" class=\"slide-2805 ms-image \" aria-roledescription=\"slide\" data-date=\"2020-12-11 13:08:40\" data-filename=\"IMG_5921-2-scaled-2560x1673.jpg\" data-slide-type=\"image\"><img loading=\"lazy\" decoding=\"async\" src=\"https:\/\/sylviapiresdarocha.fr\/wp-content\/uploads\/2022\/02\/IMG_5921-2-scaled-2560x1673.jpg\" height=\"3400\" width=\"5200\" alt=\"\" class=\"slider-2770 slide-2805 msDefaultImage\" title=\"IMG_5921-2\" \/><\/li>\n                <li style=\"display: none; width: 100%;\" class=\"slide-3295 ms-image \" aria-roledescription=\"slide\" data-date=\"2022-02-11 10:50:55\" data-filename=\"IMG_4726-2-scaled-2560x1673.jpg\" data-slide-type=\"image\"><img loading=\"lazy\" decoding=\"async\" src=\"https:\/\/sylviapiresdarocha.fr\/wp-content\/uploads\/2022\/02\/IMG_4726-2-scaled-2560x1673.jpg\" height=\"3400\" width=\"5200\" alt=\"\" class=\"slider-2770 slide-3295 msDefaultImage\" title=\"IMG_4726-2\" \/><\/li>\n                <li style=\"display: none; width: 100%;\" class=\"slide-2806 ms-image \" aria-roledescription=\"slide\" data-date=\"2020-12-11 13:08:41\" data-filename=\"IMG_3888-scaled-2560x1673.jpg\" data-slide-type=\"image\"><img loading=\"lazy\" decoding=\"async\" src=\"https:\/\/sylviapiresdarocha.fr\/wp-content\/uploads\/2022\/02\/IMG_3888-scaled-2560x1673.jpg\" height=\"3400\" width=\"5200\" alt=\"\" class=\"slider-2770 slide-2806 msDefaultImage\" title=\"IMG_3888\" \/><\/li>\n            <\/ul>\n        <\/div>\n        \n    <\/div>\n<\/div>\n\n\n\n<div class=\"wp-block-group\"><div class=\"wp-block-group__inner-container is-layout-flow wp-block-group-is-layout-flow\">\n<blockquote class=\"wp-block-quote is-layout-flow wp-block-quote-is-layout-flow\"><p><em>Nous sommes en guerre et la Nation soutiendra ses enfants<\/em><\/p><\/blockquote>\n\n\n\n<blockquote class=\"wp-block-quote is-layout-flow wp-block-quote-is-layout-flow\"><p><em>Nous sommes en guerre<\/em><\/p><\/blockquote>\n\n\n\n<blockquote class=\"wp-block-quote is-layout-flow wp-block-quote-is-layout-flow\"><p><em>Dans cette guerre, il y a en premi\u00e8re l<\/em>igne<\/p><\/blockquote>\n\n\n\n<blockquote class=\"wp-block-quote is-layout-flow wp-block-quote-is-layout-flow\"><p><em>Nous sommes en guerre<\/em><\/p><\/blockquote>\n\n\n\n<p class=\"has-text-align-right\"><em>Allocution t\u00e9l\u00e9vis\u00e9e d&rsquo;Emmanuel Macron lundi 16\u00a0mars \u00e0 20\u00a0heures<\/em><\/p>\n\n\n\n<p><\/p>\n<\/div><\/div>\n","protected":false},"excerpt":{"rendered":"<p>Nous sommes en guerre Cette guerre, on s&rsquo;y engage tout entier, on s&rsquo;y mobilise dans l&rsquo;unit\u00e9 Face \u00e0 un ennemi\u00a0(\u2026)\u00a0invisible, insaisissable. Nous sommes en guerre et la Nation soutiendra ses enfants Nous sommes en guerre Dans cette guerre, il y a en premi\u00e8re ligne Nous sommes en guerre Allocution t\u00e9l\u00e9vis\u00e9e d&rsquo;Emmanuel Macron lundi 16\u00a0mars \u00e0 &hellip; <\/p>\n","protected":false},"author":1,"featured_media":0,"parent":0,"menu_order":0,"comment_status":"closed","ping_status":"closed","template":"","meta":{"two_page_speed":[],"_joinchat":[],"footnotes":""},"class_list":["post-2837","page","type-page","status-publish","hentry"],"_links":{"self":[{"href":"https:\/\/sylviapiresdarocha.fr\/index.php?rest_route=\/wp\/v2\/pages\/2837","targetHints":{"allow":["GET"]}}],"collection":[{"href":"https:\/\/sylviapiresdarocha.fr\/index.php?rest_route=\/wp\/v2\/pages"}],"about":[{"href":"https:\/\/sylviapiresdarocha.fr\/index.php?rest_route=\/wp\/v2\/types\/page"}],"author":[{"embeddable":true,"href":"https:\/\/sylviapiresdarocha.fr\/index.php?rest_route=\/wp\/v2\/users\/1"}],"replies":[{"embeddable":true,"href":"https:\/\/sylviapiresdarocha.fr\/index.php?rest_route=%2Fwp%2Fv2%2Fcomments&post=2837"}],"version-history":[{"count":25,"href":"https:\/\/sylviapiresdarocha.fr\/index.php?rest_route=\/wp\/v2\/pages\/2837\/revisions"}],"predecessor-version":[{"id":2865,"href":"https:\/\/sylviapiresdarocha.fr\/index.php?rest_route=\/wp\/v2\/pages\/2837\/revisions\/2865"}],"wp:attachment":[{"href":"https:\/\/sylviapiresdarocha.fr\/index.php?rest_route=%2Fwp%2Fv2%2Fmedia&parent=2837"}],"curies":[{"name":"wp","href":"https:\/\/api.w.org\/{rel}","templated":true}]}}