{"id":3313,"date":"2023-03-29T21:11:54","date_gmt":"2023-03-29T20:11:54","guid":{"rendered":"http:\/\/sylviepiresdarocha.fr\/WordPress\/?page_id=3313"},"modified":"2023-03-29T21:23:16","modified_gmt":"2023-03-29T20:23:16","slug":"meta-hall","status":"publish","type":"page","link":"https:\/\/sylviapiresdarocha.fr\/?page_id=3313","title":{"rendered":"Meta Hall"},"content":{"rendered":"\n<p>R\u00e9alis\u00e9es lors d&rsquo;une r\u00e9sidence artistique de 3 mois dans les anciennes halls Alstom sur l&rsquo;\u00eele de Nantes.<\/p>\n\n\n\n<p>Des figures d&rsquo;invitations \u00e9voquant des corps en circulation dans les halls Alstom sont produites en utilisant les mat\u00e9riaux constitutifs du lieux (chaux, m\u00e9tal, limaille de fer).<\/p>\n\n\n\n<p>Jouant avec les \u00e9chelles et le trompe l\u2019\u0153il, lors de l\u2019ouverture au public, chaque visiteur est invit\u00e9 \u00e0 d\u00e9ambuler dans l&rsquo;immensit\u00e9 de ces espaces pour tenter d\u2019entrevoir les derni\u00e8res mouvements et regards des travailleur(se)s du m\u00e9tal des chantier de l&rsquo;Atlantique.<\/p>\n\n\n\n<figure class=\"wp-block-image size-large is-resized\"><img loading=\"lazy\" decoding=\"async\" src=\"http:\/\/sylviepiresdarocha.fr\/WordPress\/wp-content\/uploads\/2023\/03\/IMG_6694-1-768x1024.jpg\" alt=\"\" class=\"wp-image-3316\" width=\"272\" height=\"363\" srcset=\"https:\/\/sylviapiresdarocha.fr\/wp-content\/uploads\/2023\/03\/IMG_6694-1-768x1024.jpg 768w, https:\/\/sylviapiresdarocha.fr\/wp-content\/uploads\/2023\/03\/IMG_6694-1-225x300.jpg 225w, https:\/\/sylviapiresdarocha.fr\/wp-content\/uploads\/2023\/03\/IMG_6694-1-1152x1536.jpg 1152w, https:\/\/sylviapiresdarocha.fr\/wp-content\/uploads\/2023\/03\/IMG_6694-1-1536x2048.jpg 1536w, https:\/\/sylviapiresdarocha.fr\/wp-content\/uploads\/2023\/03\/IMG_6694-1-scaled.jpg 1920w\" sizes=\"auto, (max-width: 272px) 100vw, 272px\" \/><\/figure>\n\n\n\n<figure class=\"wp-block-video aligncenter\"><video controls src=\"blob:http:\/\/sylviepiresdarocha.fr\/7f0410ed-ef1a-4dc1-b014-32382e5f510d\"><\/video><\/figure>\n\n\n\n<figure class=\"wp-block-video\"><\/figure>\n","protected":false},"excerpt":{"rendered":"<p>R\u00e9alis\u00e9es lors d&rsquo;une r\u00e9sidence artistique de 3 mois dans les anciennes halls Alstom sur l&rsquo;\u00eele de Nantes. Des figures d&rsquo;invitations \u00e9voquant des corps en circulation dans les halls Alstom sont produites en utilisant les mat\u00e9riaux constitutifs du lieux (chaux, m\u00e9tal, limaille de fer). Jouant avec les \u00e9chelles et le trompe l\u2019\u0153il, lors de l\u2019ouverture au &hellip; <\/p>\n","protected":false},"author":1,"featured_media":0,"parent":0,"menu_order":0,"comment_status":"closed","ping_status":"closed","template":"","meta":{"two_page_speed":[],"_joinchat":[],"footnotes":""},"class_list":["post-3313","page","type-page","status-publish","hentry"],"_links":{"self":[{"href":"https:\/\/sylviapiresdarocha.fr\/index.php?rest_route=\/wp\/v2\/pages\/3313","targetHints":{"allow":["GET"]}}],"collection":[{"href":"https:\/\/sylviapiresdarocha.fr\/index.php?rest_route=\/wp\/v2\/pages"}],"about":[{"href":"https:\/\/sylviapiresdarocha.fr\/index.php?rest_route=\/wp\/v2\/types\/page"}],"author":[{"embeddable":true,"href":"https:\/\/sylviapiresdarocha.fr\/index.php?rest_route=\/wp\/v2\/users\/1"}],"replies":[{"embeddable":true,"href":"https:\/\/sylviapiresdarocha.fr\/index.php?rest_route=%2Fwp%2Fv2%2Fcomments&post=3313"}],"version-history":[{"count":5,"href":"https:\/\/sylviapiresdarocha.fr\/index.php?rest_route=\/wp\/v2\/pages\/3313\/revisions"}],"predecessor-version":[{"id":3323,"href":"https:\/\/sylviapiresdarocha.fr\/index.php?rest_route=\/wp\/v2\/pages\/3313\/revisions\/3323"}],"wp:attachment":[{"href":"https:\/\/sylviapiresdarocha.fr\/index.php?rest_route=%2Fwp%2Fv2%2Fmedia&parent=3313"}],"curies":[{"name":"wp","href":"https:\/\/api.w.org\/{rel}","templated":true}]}}