{"id":3375,"date":"2023-06-27T08:01:56","date_gmt":"2023-06-27T07:01:56","guid":{"rendered":"http:\/\/sylviepiresdarocha.fr\/WordPress\/?page_id=3375"},"modified":"2023-06-27T11:44:03","modified_gmt":"2023-06-27T10:44:03","slug":"terre-de-rencontres-2","status":"publish","type":"page","link":"https:\/\/sylviapiresdarocha.fr\/?page_id=3375","title":{"rendered":"Intention artistique"},"content":{"rendered":"\n<p class=\"has-text-align-left\"><em>\u00ab\u00a0<strong>Terre de rencontres*\u00a0\u00bb<\/strong><\/em> est \u00e0 la fronti\u00e8re d\u2019une pratique artistique et artisane. En portant ce projet nous avons engager in situ, une approche artistique sociale et participative qui rel\u00e8ve selon Bourriaud d\u2019une \u00ab esth\u00e9tique relationnelle \u00bb porteuse de reliance.<\/p>\n\n\n\n<p>Bas\u00e9 sur les fondamentaux de l\u2019art social que sont la m\u00e9diation, l&rsquo;enqu\u00eate et l\u2019apprentissage, nos 8 semaines de r\u00e9sidence nous ont offert la possibilit\u00e9 d\u2019agir artistiquement et en m\u00e9diation avec les habitant.es d\u2019un quartier en pleine mutation.<\/p>\n\n\n\n<p>Ainsi, \u00e0 travers la construction collective d\u2019un four pour c\u00e9ramique \u00e0 bois, des ateliers de poterie utilisant des mat\u00e9riaux collect\u00e9s dans le quartier et la cr\u00e9ation d\u2019ustensiles entre habitants du quartier, \u00ab<em> Terre de rencontres <\/em>\u00bb  est un point o\u00f9 l\u2019on se retrouve pour construire, apprendre, transmettre, manipuler, regarder, se r\u00e9chauffer et permettre la participation \u00e0 des degr\u00e9s divers, de tou. te. s les habitant(es) du quartier de Malakoff-St Donatien.<\/p>\n\n\n\n<p>La fabrication de la terre, les modelages et les cuissons r\u00e9alis\u00e9s sur le quartier ont \u00e9t\u00e9 des vecteurs de mise en commun de repr\u00e9sentations sensibles sur un territoire.<\/p>\n\n\n\n<p>En cr\u00e9ant \u00abdans\u00bb et \u00abavec\u00bb les habitant.es, nous avons tenter le d\u00e9passement, le d\u00e9cloisonnement pour cr\u00e9er des espaces de participation et de vivre ensemble.<\/p>\n\n\n\n<figure class=\"wp-block-pullquote alignwide\"><blockquote><p><em><strong>*La terre de rencontre <\/strong>est le terme utilis\u00e9 pour d\u00e9signer la terre, la mati\u00e8re r\u00e9colt\u00e9e \u00e0 la main, autour de soi, servant \u00e0 la r\u00e9alisation de pi\u00e8ces c\u00e9ramique et\/ou d\u2019\u00e9maux. <\/em><\/p><\/blockquote><\/figure>\n\n\n\n<p><\/p>\n","protected":false},"excerpt":{"rendered":"<p>\u00ab\u00a0Terre de rencontres*\u00a0\u00bb est \u00e0 la fronti\u00e8re d\u2019une pratique artistique et artisane. En portant ce projet nous avons engager in situ, une approche artistique sociale et participative qui rel\u00e8ve selon Bourriaud d\u2019une \u00ab esth\u00e9tique relationnelle \u00bb porteuse de reliance. Bas\u00e9 sur les fondamentaux de l\u2019art social que sont la m\u00e9diation, l&rsquo;enqu\u00eate et l\u2019apprentissage, nos 8 &hellip; <\/p>\n","protected":false},"author":1,"featured_media":0,"parent":0,"menu_order":0,"comment_status":"closed","ping_status":"closed","template":"","meta":{"two_page_speed":[],"_joinchat":[],"footnotes":""},"class_list":["post-3375","page","type-page","status-publish","hentry"],"_links":{"self":[{"href":"https:\/\/sylviapiresdarocha.fr\/index.php?rest_route=\/wp\/v2\/pages\/3375","targetHints":{"allow":["GET"]}}],"collection":[{"href":"https:\/\/sylviapiresdarocha.fr\/index.php?rest_route=\/wp\/v2\/pages"}],"about":[{"href":"https:\/\/sylviapiresdarocha.fr\/index.php?rest_route=\/wp\/v2\/types\/page"}],"author":[{"embeddable":true,"href":"https:\/\/sylviapiresdarocha.fr\/index.php?rest_route=\/wp\/v2\/users\/1"}],"replies":[{"embeddable":true,"href":"https:\/\/sylviapiresdarocha.fr\/index.php?rest_route=%2Fwp%2Fv2%2Fcomments&post=3375"}],"version-history":[{"count":8,"href":"https:\/\/sylviapiresdarocha.fr\/index.php?rest_route=\/wp\/v2\/pages\/3375\/revisions"}],"predecessor-version":[{"id":3486,"href":"https:\/\/sylviapiresdarocha.fr\/index.php?rest_route=\/wp\/v2\/pages\/3375\/revisions\/3486"}],"wp:attachment":[{"href":"https:\/\/sylviapiresdarocha.fr\/index.php?rest_route=%2Fwp%2Fv2%2Fmedia&parent=3375"}],"curies":[{"name":"wp","href":"https:\/\/api.w.org\/{rel}","templated":true}]}}