{"id":3500,"date":"2024-06-07T08:15:36","date_gmt":"2024-06-07T07:15:36","guid":{"rendered":"http:\/\/sylviepiresdarocha.fr\/WordPress\/?page_id=3500"},"modified":"2024-06-21T12:22:56","modified_gmt":"2024-06-21T11:22:56","slug":"nouvelles","status":"publish","type":"page","link":"https:\/\/sylviapiresdarocha.fr\/?page_id=3500","title":{"rendered":"Processus de cr\u00e9ation"},"content":{"rendered":"\n<p>Chaque cr\u00e9ation \u00e9tant unique et adapt\u00e9e aux lieux et aux histoires de ceux qui les habitent, le processus commence toujours par une rencontre pour comprendre votre vision, vos go\u00fbts et l&rsquo;histoire que vous souhaitez raconter. Cette \u00e9tape est essentielle pour garantir que chaque \u0153uvre soit le v\u00e9ritable reflet de votre personnalit\u00e9 et de vos espaces.<\/p>\n\n\n\n<p>Nous puisons ensemble dans des inspirations multitudes : nature, culture, souvenirs personnels et plus encore, pour cr\u00e9er des motifs, des tableaux, des volumes et des sc\u00e8nes qui r\u00e9sonnent profond\u00e9ment avec vos univers et vos r\u00eaves.<\/p>\n\n\n\n<p>Apr\u00e8s l&rsquo;\u00e9tape de la s\u00e9lection des carreaux, des formats et du nuancier, vient celle de la peinture aux jus d\u2019oxydes utilisant la technique de la majolique du 18eme si\u00e8cle. <\/p>\n\n\n\n<p>La cuisson \u00e0 haute temp\u00e9rature viendra ensuite fixer les pigments et r\u00e9v\u00e9ler la richesse des couleurs, d\u00e9voiler les reflets de la cr\u00e9ation qui, selon les moments de la journ\u00e9e se transformerons. <\/p>\n\n\n\n<p>Les carreaux seront ensuite assembl\u00e9s avec pr\u00e9cision pour recr\u00e9er le projet initial et vous n&rsquo;aurait alors qu&rsquo;\u00e0 vous laisser envelopper par votre fa\u00efence sensible.<\/p>\n\n\n\n<p><\/p>\n\n\n\n<p><\/p>\n","protected":false},"excerpt":{"rendered":"<p>Chaque cr\u00e9ation \u00e9tant unique et adapt\u00e9e aux lieux et aux histoires de ceux qui les habitent, le processus commence toujours par une rencontre pour comprendre votre vision, vos go\u00fbts et l&rsquo;histoire que vous souhaitez raconter. Cette \u00e9tape est essentielle pour garantir que chaque \u0153uvre soit le v\u00e9ritable reflet de votre personnalit\u00e9 et de vos espaces. &hellip; <\/p>\n","protected":false},"author":1,"featured_media":0,"parent":0,"menu_order":0,"comment_status":"closed","ping_status":"closed","template":"","meta":{"two_page_speed":[],"_joinchat":[],"footnotes":""},"class_list":["post-3500","page","type-page","status-publish","hentry"],"_links":{"self":[{"href":"https:\/\/sylviapiresdarocha.fr\/index.php?rest_route=\/wp\/v2\/pages\/3500","targetHints":{"allow":["GET"]}}],"collection":[{"href":"https:\/\/sylviapiresdarocha.fr\/index.php?rest_route=\/wp\/v2\/pages"}],"about":[{"href":"https:\/\/sylviapiresdarocha.fr\/index.php?rest_route=\/wp\/v2\/types\/page"}],"author":[{"embeddable":true,"href":"https:\/\/sylviapiresdarocha.fr\/index.php?rest_route=\/wp\/v2\/users\/1"}],"replies":[{"embeddable":true,"href":"https:\/\/sylviapiresdarocha.fr\/index.php?rest_route=%2Fwp%2Fv2%2Fcomments&post=3500"}],"version-history":[{"count":10,"href":"https:\/\/sylviapiresdarocha.fr\/index.php?rest_route=\/wp\/v2\/pages\/3500\/revisions"}],"predecessor-version":[{"id":3806,"href":"https:\/\/sylviapiresdarocha.fr\/index.php?rest_route=\/wp\/v2\/pages\/3500\/revisions\/3806"}],"wp:attachment":[{"href":"https:\/\/sylviapiresdarocha.fr\/index.php?rest_route=%2Fwp%2Fv2%2Fmedia&parent=3500"}],"curies":[{"name":"wp","href":"https:\/\/api.w.org\/{rel}","templated":true}]}}