{"id":3555,"date":"2024-06-16T17:07:18","date_gmt":"2024-06-16T16:07:18","guid":{"rendered":"http:\/\/sylviapiresdarocha.fr\/?page_id=3555"},"modified":"2024-07-23T09:42:41","modified_gmt":"2024-07-23T08:42:41","slug":"espaces-prives","status":"publish","type":"page","link":"https:\/\/sylviapiresdarocha.fr\/?page_id=3555","title":{"rendered":"Fen\u00eatres d&rsquo;imaginaires"},"content":{"rendered":"\n<p><\/p>\n\n\n\n<p><\/p>\n\n\n\n<div class=\"wp-block-media-text alignwide is-stacked-on-mobile is-vertically-aligned-top\" style=\"grid-template-columns:53% auto\"><figure class=\"wp-block-media-text__media\"><img loading=\"lazy\" decoding=\"async\" width=\"740\" height=\"1024\" src=\"http:\/\/sylviapiresdarocha.fr\/wp-content\/uploads\/2024\/07\/img_86742-740x1024.jpg\" alt=\"\" class=\"wp-image-3868\" srcset=\"https:\/\/sylviapiresdarocha.fr\/wp-content\/uploads\/2024\/07\/img_86742-740x1024.jpg 740w, https:\/\/sylviapiresdarocha.fr\/wp-content\/uploads\/2024\/07\/img_86742-217x300.jpg 217w, https:\/\/sylviapiresdarocha.fr\/wp-content\/uploads\/2024\/07\/img_86742-768x1063.jpg 768w, https:\/\/sylviapiresdarocha.fr\/wp-content\/uploads\/2024\/07\/img_86742-1110x1536.jpg 1110w, https:\/\/sylviapiresdarocha.fr\/wp-content\/uploads\/2024\/07\/img_86742-1480x2048.jpg 1480w, https:\/\/sylviapiresdarocha.fr\/wp-content\/uploads\/2024\/07\/img_86742-43x60.jpg 43w, https:\/\/sylviapiresdarocha.fr\/wp-content\/uploads\/2024\/07\/img_86742-scaled.jpg 1850w\" sizes=\"auto, (max-width: 740px) 100vw, 740px\" \/><\/figure><div class=\"wp-block-media-text__content\">\n<p>V\u00e9ritables fen\u00eatres ouvertes sur des mondes imaginaires et des r\u00eaves. Chaque cr\u00e9ation est une \u0153uvre d&rsquo;art unique. En fusionnant les techniques traditionnelles de la peinture sur fa\u00efence aux jus d&rsquo;oxydes avec une vision artistique contemporaine, je donne vie \u00e0 des tableaux \u00e9motionnelles et sensibles con\u00e7ues pour \u00e9mouvoir l&rsquo;\u00e2me.<\/p>\n<\/div><\/div>\n","protected":false},"excerpt":{"rendered":"<p>V\u00e9ritables fen\u00eatres ouvertes sur des mondes imaginaires et des r\u00eaves. Chaque cr\u00e9ation est une \u0153uvre d&rsquo;art unique. En fusionnant les techniques traditionnelles de la peinture sur fa\u00efence aux jus d&rsquo;oxydes avec une vision artistique contemporaine, je donne vie \u00e0 des tableaux \u00e9motionnelles et sensibles con\u00e7ues pour \u00e9mouvoir l&rsquo;\u00e2me.<\/p>\n","protected":false},"author":1,"featured_media":0,"parent":0,"menu_order":0,"comment_status":"closed","ping_status":"closed","template":"","meta":{"two_page_speed":[],"_joinchat":[],"footnotes":""},"class_list":["post-3555","page","type-page","status-publish","hentry"],"_links":{"self":[{"href":"https:\/\/sylviapiresdarocha.fr\/index.php?rest_route=\/wp\/v2\/pages\/3555","targetHints":{"allow":["GET"]}}],"collection":[{"href":"https:\/\/sylviapiresdarocha.fr\/index.php?rest_route=\/wp\/v2\/pages"}],"about":[{"href":"https:\/\/sylviapiresdarocha.fr\/index.php?rest_route=\/wp\/v2\/types\/page"}],"author":[{"embeddable":true,"href":"https:\/\/sylviapiresdarocha.fr\/index.php?rest_route=\/wp\/v2\/users\/1"}],"replies":[{"embeddable":true,"href":"https:\/\/sylviapiresdarocha.fr\/index.php?rest_route=%2Fwp%2Fv2%2Fcomments&post=3555"}],"version-history":[{"count":9,"href":"https:\/\/sylviapiresdarocha.fr\/index.php?rest_route=\/wp\/v2\/pages\/3555\/revisions"}],"predecessor-version":[{"id":3873,"href":"https:\/\/sylviapiresdarocha.fr\/index.php?rest_route=\/wp\/v2\/pages\/3555\/revisions\/3873"}],"wp:attachment":[{"href":"https:\/\/sylviapiresdarocha.fr\/index.php?rest_route=%2Fwp%2Fv2%2Fmedia&parent=3555"}],"curies":[{"name":"wp","href":"https:\/\/api.w.org\/{rel}","templated":true}]}}