{"id":3574,"date":"2024-06-16T17:29:21","date_gmt":"2024-06-16T16:29:21","guid":{"rendered":"http:\/\/sylviapiresdarocha.fr\/?page_id=3574"},"modified":"2024-07-23T08:55:29","modified_gmt":"2024-07-23T07:55:29","slug":"biographie","status":"publish","type":"page","link":"https:\/\/sylviapiresdarocha.fr\/?page_id=3574","title":{"rendered":"Biographie"},"content":{"rendered":"\n<div class=\"wp-block-group alignwide\"><div class=\"wp-block-group__inner-container is-layout-flow wp-block-group-is-layout-flow\">\n<div class=\"wp-block-media-text alignwide is-stacked-on-mobile is-vertically-aligned-top\" style=\"grid-template-columns:32% auto\"><figure class=\"wp-block-media-text__media\"><img loading=\"lazy\" decoding=\"async\" width=\"229\" height=\"300\" src=\"http:\/\/sylviapiresdarocha.fr\/wp-content\/uploads\/2024\/06\/IMG_79052-229x300.jpg\" alt=\"\" class=\"wp-image-3677\" srcset=\"https:\/\/sylviapiresdarocha.fr\/wp-content\/uploads\/2024\/06\/IMG_79052-229x300.jpg 229w, https:\/\/sylviapiresdarocha.fr\/wp-content\/uploads\/2024\/06\/IMG_79052-781x1024.jpg 781w, https:\/\/sylviapiresdarocha.fr\/wp-content\/uploads\/2024\/06\/IMG_79052-768x1007.jpg 768w, https:\/\/sylviapiresdarocha.fr\/wp-content\/uploads\/2024\/06\/IMG_79052-1171x1536.jpg 1171w, https:\/\/sylviapiresdarocha.fr\/wp-content\/uploads\/2024\/06\/IMG_79052-1561x2048.jpg 1561w, https:\/\/sylviapiresdarocha.fr\/wp-content\/uploads\/2024\/06\/IMG_79052-46x60.jpg 46w, https:\/\/sylviapiresdarocha.fr\/wp-content\/uploads\/2024\/06\/IMG_79052-scaled.jpg 1952w\" sizes=\"auto, (max-width: 229px) 100vw, 229px\" \/><\/figure><div class=\"wp-block-media-text__content\">\n<p>Mobilisant les mat\u00e9riaux empiriques d\u2019un lieu, les souvenirs et les r\u00e9cits qui s\u2019y abritent, je d\u00e9veloppe des formes \u201ctouch\u00e9es\u201d qui sont l\u2019expression d\u2019empreintes pass\u00e9es et les matrices d\u2019un futur.<\/p>\n<\/div><\/div>\n<\/div><\/div>\n\n\n\n<p class=\"has-text-align-left\">C\u00e9ramiste d\u2019art \u00e0 Nantes, je puise dans un parcours de 20 ans en art et recherche universitaire pour explorer le support de la terre, de la c\u00e9ramique et des jus d\u2019oxydes naturels.<\/p>\n\n\n\n<p>Deux rencontres ont marqu\u00e9 mon \u00e9volution : une avec une c\u00e9ramiste lors d\u2019une r\u00e9sidence artistique, et celle plus surprenante avec le feu lors de cuissons de c\u00e9ramique au feu de bois, au Br\u00e9sil et \u00e0 La Borne dans le Berry.<\/p>\n\n\n\n<p>Ces deux rencontres ont activ\u00e9 en moi une filiation ancr\u00e9e dans mon nom \u00ab\u00a0PIRES DA ROCHA\u00a0\u00bb, h\u00e9ritier d\u2019une culture paysanne, \u00e9voquant la force du feu et la solidit\u00e9 de la pierre.<\/p>\n\n\n\n<p>Mon travail, expos\u00e9 \u00e0 Nantes, Paris et au Portugal, allie tradition et contemporan\u00e9it\u00e9. Laur\u00e9ate de r\u00e9sidences artistiques, je nourris ma pratique des rencontres, des territoires et des paysages en mutation.<\/p>\n","protected":false},"excerpt":{"rendered":"<p>Mobilisant les mat\u00e9riaux empiriques d\u2019un lieu, les souvenirs et les r\u00e9cits qui s\u2019y abritent, je d\u00e9veloppe des formes \u201ctouch\u00e9es\u201d qui sont l\u2019expression d\u2019empreintes pass\u00e9es et les matrices d\u2019un futur. C\u00e9ramiste d\u2019art \u00e0 Nantes, je puise dans un parcours de 20 ans en art et recherche universitaire pour explorer le support de la terre, de la &hellip; <\/p>\n","protected":false},"author":1,"featured_media":0,"parent":0,"menu_order":0,"comment_status":"closed","ping_status":"closed","template":"","meta":{"two_page_speed":[],"_joinchat":[],"footnotes":""},"class_list":["post-3574","page","type-page","status-publish","hentry"],"_links":{"self":[{"href":"https:\/\/sylviapiresdarocha.fr\/index.php?rest_route=\/wp\/v2\/pages\/3574","targetHints":{"allow":["GET"]}}],"collection":[{"href":"https:\/\/sylviapiresdarocha.fr\/index.php?rest_route=\/wp\/v2\/pages"}],"about":[{"href":"https:\/\/sylviapiresdarocha.fr\/index.php?rest_route=\/wp\/v2\/types\/page"}],"author":[{"embeddable":true,"href":"https:\/\/sylviapiresdarocha.fr\/index.php?rest_route=\/wp\/v2\/users\/1"}],"replies":[{"embeddable":true,"href":"https:\/\/sylviapiresdarocha.fr\/index.php?rest_route=%2Fwp%2Fv2%2Fcomments&post=3574"}],"version-history":[{"count":22,"href":"https:\/\/sylviapiresdarocha.fr\/index.php?rest_route=\/wp\/v2\/pages\/3574\/revisions"}],"predecessor-version":[{"id":3829,"href":"https:\/\/sylviapiresdarocha.fr\/index.php?rest_route=\/wp\/v2\/pages\/3574\/revisions\/3829"}],"wp:attachment":[{"href":"https:\/\/sylviapiresdarocha.fr\/index.php?rest_route=%2Fwp%2Fv2%2Fmedia&parent=3574"}],"curies":[{"name":"wp","href":"https:\/\/api.w.org\/{rel}","templated":true}]}}