{"id":3904,"date":"2024-07-23T11:49:56","date_gmt":"2024-07-23T10:49:56","guid":{"rendered":"http:\/\/sylviapiresdarocha.fr\/?page_id=3904"},"modified":"2025-04-24T09:47:23","modified_gmt":"2025-04-24T08:47:23","slug":"creations","status":"publish","type":"page","link":"https:\/\/sylviapiresdarocha.fr\/?page_id=3904","title":{"rendered":"D\u00e9marche artistique"},"content":{"rendered":"\n<div class=\"wp-block-image\"><figure class=\"alignleft size-large is-resized\"><img loading=\"lazy\" decoding=\"async\" src=\"https:\/\/sylviapiresdarocha.fr\/wp-content\/uploads\/2025\/02\/pires-da-rocha-sylvia-portrait-2025-752x1024.jpg\" alt=\"\" class=\"wp-image-4368\" width=\"229\" height=\"482\"\/><\/figure><\/div>\n\n\n\n<p><strong>Fa\u00efence murale contemporaine \u2013 Nantes<\/strong><\/p>\n\n\n\n<p>PIRES DA ROCHA. Mon nom incarne la puissance du <strong>feu <\/strong>et la solidit\u00e9 de la <strong>roche<\/strong>, des forces qui nourrissent ma d\u00e9marche artistique. \u00c0 travers la fa\u00efence, m\u00e9dium h\u00e9rit\u00e9 de mon enfance et transform\u00e9 lors d&rsquo;une r\u00e9sidence au Br\u00e9sil, j\u2019explore la mati\u00e8re, la lumi\u00e8re et l\u2019espace.<\/p>\n\n\n\n<p>Ma d\u00e9marche fonctionne comme celle d\u2019un photographe : tout commence par le <strong>cadre <\/strong>du <strong>carreau<\/strong>, qui devient le point de d\u00e9part, l\u2019espace o\u00f9 je compose mon \u0153uvre en jouant avec les \u00e9l\u00e9ments. La nature et le quotidien sont mes sujets \u2013 des paysages, des sc\u00e8nes de vie ordinaires, captur\u00e9es et traduites sur cette surface p\u00e9renne. Chaque carreau devient un t\u00e9moin, un support o\u00f9 des instants et des histoires sont fix\u00e9s pour l\u2019\u00e9ternit\u00e9.<\/p>\n\n\n\n<p>Sous l\u2019influence du feu, la fa\u00efence se transforme, \u00e0 la fois ma\u00eetris\u00e9e et impr\u00e9visible, capturant l\u2019instant et l\u2019\u00e9ph\u00e9m\u00e8re, tout en offrant une p\u00e9rennit\u00e9 unique. Les pigments et oxydes prennent vie dans cette alchimie, r\u00e9v\u00e9lant des textures et des nuances impr\u00e9visibles. Mon parcours scientifique me permet de cr\u00e9er des palettes d\u2019oxydes d\u2019une grande profondeur sensorielle, qui enrichissent chaque pi\u00e8ce d\u2019une histoire tangible.<\/p>\n\n\n\n<p>Mon travail invite ainsi \u00e0 une exp\u00e9rience immersive, o\u00f9 l\u2019\u0153uvre et l\u2019espace sont en dialogue constant, entre la m\u00e9moire du pass\u00e9 et la pr\u00e9sence du moment.<\/p>\n\n\n\n<div class=\"wp-block-group is-layout-flow wp-block-group-is-layout-flow\"><div class=\"wp-block-group__inner-container\"><\/div><\/div>\n\n\n\n<p><\/p>\n\n\n\n<div class=\"wp-block-group\"><div class=\"wp-block-group__inner-container is-layout-flow wp-block-group-is-layout-flow\">\n<figure class=\"wp-block-gallery columns-3 is-cropped wp-block-gallery-1 is-layout-flex wp-block-gallery-is-layout-flex\"><ul class=\"blocks-gallery-grid\"><li class=\"blocks-gallery-item\"><figure><img loading=\"lazy\" decoding=\"async\" width=\"768\" height=\"1024\" src=\"http:\/\/sylviapiresdarocha.fr\/wp-content\/uploads\/2025\/02\/Recette1-768x1024.jpg\" alt=\"\" data-id=\"4376\" data-full-url=\"http:\/\/sylviapiresdarocha.fr\/wp-content\/uploads\/2025\/02\/Recette1-scaled.jpg\" data-link=\"http:\/\/sylviapiresdarocha.fr\/?attachment_id=4376\" class=\"wp-image-4376\" srcset=\"https:\/\/sylviapiresdarocha.fr\/wp-content\/uploads\/2025\/02\/Recette1-768x1024.jpg 768w, https:\/\/sylviapiresdarocha.fr\/wp-content\/uploads\/2025\/02\/Recette1-225x300.jpg 225w, https:\/\/sylviapiresdarocha.fr\/wp-content\/uploads\/2025\/02\/Recette1-1152x1536.jpg 1152w, https:\/\/sylviapiresdarocha.fr\/wp-content\/uploads\/2025\/02\/Recette1-1536x2048.jpg 1536w, https:\/\/sylviapiresdarocha.fr\/wp-content\/uploads\/2025\/02\/Recette1-45x60.jpg 45w, https:\/\/sylviapiresdarocha.fr\/wp-content\/uploads\/2025\/02\/Recette1-scaled.jpg 1920w\" sizes=\"auto, (max-width: 768px) 100vw, 768px\" \/><\/figure><\/li><li class=\"blocks-gallery-item\"><figure><img loading=\"lazy\" decoding=\"async\" width=\"750\" height=\"1024\" src=\"http:\/\/sylviapiresdarocha.fr\/wp-content\/uploads\/2025\/02\/Geste1-750x1024.jpg\" alt=\"\" data-id=\"4373\" data-full-url=\"http:\/\/sylviapiresdarocha.fr\/wp-content\/uploads\/2025\/02\/Geste1-scaled.jpg\" data-link=\"http:\/\/sylviapiresdarocha.fr\/?attachment_id=4373\" class=\"wp-image-4373\" srcset=\"https:\/\/sylviapiresdarocha.fr\/wp-content\/uploads\/2025\/02\/Geste1-750x1024.jpg 750w, https:\/\/sylviapiresdarocha.fr\/wp-content\/uploads\/2025\/02\/Geste1-220x300.jpg 220w, https:\/\/sylviapiresdarocha.fr\/wp-content\/uploads\/2025\/02\/Geste1-768x1048.jpg 768w, https:\/\/sylviapiresdarocha.fr\/wp-content\/uploads\/2025\/02\/Geste1-1125x1536.jpg 1125w, https:\/\/sylviapiresdarocha.fr\/wp-content\/uploads\/2025\/02\/Geste1-1501x2048.jpg 1501w, https:\/\/sylviapiresdarocha.fr\/wp-content\/uploads\/2025\/02\/Geste1-44x60.jpg 44w, https:\/\/sylviapiresdarocha.fr\/wp-content\/uploads\/2025\/02\/Geste1-293x400.jpg 293w, https:\/\/sylviapiresdarocha.fr\/wp-content\/uploads\/2025\/02\/Geste1-scaled.jpg 1876w\" sizes=\"auto, (max-width: 750px) 100vw, 750px\" \/><\/figure><\/li><li class=\"blocks-gallery-item\"><figure><img loading=\"lazy\" decoding=\"async\" width=\"592\" height=\"1024\" src=\"http:\/\/sylviapiresdarocha.fr\/wp-content\/uploads\/2024\/09\/IMG_1202-592x1024.jpg\" alt=\"\" data-id=\"4311\" data-full-url=\"http:\/\/sylviapiresdarocha.fr\/wp-content\/uploads\/2024\/09\/IMG_1202-scaled.jpg\" data-link=\"http:\/\/sylviapiresdarocha.fr\/?attachment_id=4311\" class=\"wp-image-4311\" srcset=\"https:\/\/sylviapiresdarocha.fr\/wp-content\/uploads\/2024\/09\/IMG_1202-592x1024.jpg 592w, https:\/\/sylviapiresdarocha.fr\/wp-content\/uploads\/2024\/09\/IMG_1202-173x300.jpg 173w, https:\/\/sylviapiresdarocha.fr\/wp-content\/uploads\/2024\/09\/IMG_1202-768x1329.jpg 768w, https:\/\/sylviapiresdarocha.fr\/wp-content\/uploads\/2024\/09\/IMG_1202-887x1536.jpg 887w, https:\/\/sylviapiresdarocha.fr\/wp-content\/uploads\/2024\/09\/IMG_1202-1183x2048.jpg 1183w, https:\/\/sylviapiresdarocha.fr\/wp-content\/uploads\/2024\/09\/IMG_1202-35x60.jpg 35w, https:\/\/sylviapiresdarocha.fr\/wp-content\/uploads\/2024\/09\/IMG_1202-scaled.jpg 1479w\" sizes=\"auto, (max-width: 592px) 100vw, 592px\" \/><\/figure><\/li><\/ul><\/figure>\n<\/div><\/div>\n\n\n\n<p><\/p>\n\n\n\n<p><\/p>\n\n\n\n<p><\/p>\n\n\n\n<p><\/p>\n\n\n\n<p><\/p>\n\n\n\n<p><\/p>\n\n\n\n<p><\/p>\n\n\n\n<p><\/p>\n\n\n\n<p><\/p>\n\n\n\n<p><\/p>\n\n\n\n<p><\/p>\n\n\n\n<p><\/p>\n\n\n\n<p><\/p>\n\n\n\n<p><\/p>\n","protected":false},"excerpt":{"rendered":"<p>Fa\u00efence murale contemporaine \u2013 Nantes PIRES DA ROCHA. Mon nom incarne la puissance du feu et la solidit\u00e9 de la roche, des forces qui nourrissent ma d\u00e9marche artistique. \u00c0 travers la fa\u00efence, m\u00e9dium h\u00e9rit\u00e9 de mon enfance et transform\u00e9 lors d&rsquo;une r\u00e9sidence au Br\u00e9sil, j\u2019explore la mati\u00e8re, la lumi\u00e8re et l\u2019espace. Ma d\u00e9marche fonctionne comme &hellip; <\/p>\n","protected":false},"author":1,"featured_media":0,"parent":0,"menu_order":0,"comment_status":"closed","ping_status":"closed","template":"","meta":{"two_page_speed":[],"_joinchat":{"telephone":"652499828"},"footnotes":""},"class_list":["post-3904","page","type-page","status-publish","hentry"],"_links":{"self":[{"href":"https:\/\/sylviapiresdarocha.fr\/index.php?rest_route=\/wp\/v2\/pages\/3904","targetHints":{"allow":["GET"]}}],"collection":[{"href":"https:\/\/sylviapiresdarocha.fr\/index.php?rest_route=\/wp\/v2\/pages"}],"about":[{"href":"https:\/\/sylviapiresdarocha.fr\/index.php?rest_route=\/wp\/v2\/types\/page"}],"author":[{"embeddable":true,"href":"https:\/\/sylviapiresdarocha.fr\/index.php?rest_route=\/wp\/v2\/users\/1"}],"replies":[{"embeddable":true,"href":"https:\/\/sylviapiresdarocha.fr\/index.php?rest_route=%2Fwp%2Fv2%2Fcomments&post=3904"}],"version-history":[{"count":133,"href":"https:\/\/sylviapiresdarocha.fr\/index.php?rest_route=\/wp\/v2\/pages\/3904\/revisions"}],"predecessor-version":[{"id":4431,"href":"https:\/\/sylviapiresdarocha.fr\/index.php?rest_route=\/wp\/v2\/pages\/3904\/revisions\/4431"}],"wp:attachment":[{"href":"https:\/\/sylviapiresdarocha.fr\/index.php?rest_route=%2Fwp%2Fv2%2Fmedia&parent=3904"}],"curies":[{"name":"wp","href":"https:\/\/api.w.org\/{rel}","templated":true}]}}